{"id":160,"date":"2021-03-04T21:43:56","date_gmt":"2021-03-04T20:43:56","guid":{"rendered":"http:\/\/www.sculpturejardin.com\/?page_id=160"},"modified":"2021-03-04T22:44:22","modified_gmt":"2021-03-04T21:44:22","slug":"latelier","status":"publish","type":"page","link":"http:\/\/www.sculpturejardin.com\/index.php\/latelier\/","title":{"rendered":"l&rsquo;atelier"},"content":{"rendered":"\n<p><strong><em>Je r\u00e9alise toutes mes cr\u00e9ations dans mon atelier, il m\u2019est important d\u2019\u00eatre l\u2019executant de toutes les \u00e9tapes&nbsp;&nbsp;qui aboutissent \u00e0 la cr\u00e9ation d\u2019une oeuvre.<br>Je travaille seul , parcourant l\u2019acier Corten , l\u2019inox,&nbsp;&nbsp;le laiton , le bronze au gr\u00e9 de mes inspirations.<br>Je ne r\u00e9alise que des pi\u00e8ces uniques , chaque sculpture est sign\u00e9e et num\u00e9rot\u00e9e.<\/em><\/strong><\/p>\n\n\n\n<figure class=\"wp-block-image size-large\"><a href=\"https:\/\/www.mpcem.com\/galerie\/sculptures\/\"><img loading=\"lazy\" decoding=\"async\" width=\"1024\" height=\"916\" src=\"http:\/\/www.sculpturejardin.com\/wp-content\/uploads\/2021\/03\/mpcem-atelier-bretagne-sculpteur-1024x916.jpg\" alt=\"\" class=\"wp-image-164\" srcset=\"http:\/\/www.sculpturejardin.com\/wp-content\/uploads\/2021\/03\/mpcem-atelier-bretagne-sculpteur-1024x916.jpg 1024w, http:\/\/www.sculpturejardin.com\/wp-content\/uploads\/2021\/03\/mpcem-atelier-bretagne-sculpteur-300x268.jpg 300w, http:\/\/www.sculpturejardin.com\/wp-content\/uploads\/2021\/03\/mpcem-atelier-bretagne-sculpteur-768x687.jpg 768w, http:\/\/www.sculpturejardin.com\/wp-content\/uploads\/2021\/03\/mpcem-atelier-bretagne-sculpteur-508x454.jpg 508w, http:\/\/www.sculpturejardin.com\/wp-content\/uploads\/2021\/03\/mpcem-atelier-bretagne-sculpteur.jpg 1118w\" sizes=\"auto, (max-width: 1024px) 100vw, 1024px\" \/><\/a><figcaption>MPCEM \u00e0 l&rsquo;atelier<\/figcaption><\/figure>\n\n\n\n<figure class=\"wp-block-image size-large\"><a href=\"https:\/\/www.mpcem.com\/galerie\/monumentales\/\"><img loading=\"lazy\" decoding=\"async\" width=\"768\" height=\"1024\" src=\"http:\/\/www.sculpturejardin.com\/wp-content\/uploads\/2021\/03\/atelier-h-768x1024.jpg\" alt=\"atelier de sculpteur\" class=\"wp-image-172\" srcset=\"http:\/\/www.sculpturejardin.com\/wp-content\/uploads\/2021\/03\/atelier-h-768x1024.jpg 768w, http:\/\/www.sculpturejardin.com\/wp-content\/uploads\/2021\/03\/atelier-h-225x300.jpg 225w, http:\/\/www.sculpturejardin.com\/wp-content\/uploads\/2021\/03\/atelier-h-508x677.jpg 508w, http:\/\/www.sculpturejardin.com\/wp-content\/uploads\/2021\/03\/atelier-h.jpg 1000w\" sizes=\"auto, (max-width: 768px) 100vw, 768px\" \/><\/a><figcaption>montage des sculptures monumentales<\/figcaption><\/figure>\n\n\n\n<figure class=\"wp-block-image size-large\"><a href=\"https:\/\/www.mpcem.com\/galerie\/sculptures\/\"><img loading=\"lazy\" decoding=\"async\" width=\"768\" height=\"1024\" src=\"http:\/\/www.sculpturejardin.com\/wp-content\/uploads\/2021\/03\/atelier-j-768x1024.jpg\" alt=\"art contemporain\" class=\"wp-image-173\" srcset=\"http:\/\/www.sculpturejardin.com\/wp-content\/uploads\/2021\/03\/atelier-j-768x1024.jpg 768w, http:\/\/www.sculpturejardin.com\/wp-content\/uploads\/2021\/03\/atelier-j-225x300.jpg 225w, http:\/\/www.sculpturejardin.com\/wp-content\/uploads\/2021\/03\/atelier-j-508x677.jpg 508w, http:\/\/www.sculpturejardin.com\/wp-content\/uploads\/2021\/03\/atelier-j.jpg 1000w\" sizes=\"auto, (max-width: 768px) 100vw, 768px\" \/><\/a><figcaption>l&rsquo;atelier, les outils<\/figcaption><\/figure>\n\n\n\n<figure class=\"wp-block-image size-large\"><a href=\"https:\/\/www.mpcem.com\/galerie\/monumentales\/\"><img loading=\"lazy\" decoding=\"async\" width=\"1000\" height=\"1000\" src=\"http:\/\/www.sculpturejardin.com\/wp-content\/uploads\/2021\/03\/atelier-c.jpg\" alt=\"bronze, mpcem\" class=\"wp-image-169\" srcset=\"http:\/\/www.sculpturejardin.com\/wp-content\/uploads\/2021\/03\/atelier-c.jpg 1000w, http:\/\/www.sculpturejardin.com\/wp-content\/uploads\/2021\/03\/atelier-c-300x300.jpg 300w, http:\/\/www.sculpturejardin.com\/wp-content\/uploads\/2021\/03\/atelier-c-150x150.jpg 150w, http:\/\/www.sculpturejardin.com\/wp-content\/uploads\/2021\/03\/atelier-c-768x768.jpg 768w, http:\/\/www.sculpturejardin.com\/wp-content\/uploads\/2021\/03\/atelier-c-508x508.jpg 508w\" sizes=\"auto, (max-width: 1000px) 100vw, 1000px\" \/><\/a><figcaption>le travail du bronze<\/figcaption><\/figure>\n\n\n\n<figure class=\"wp-block-image size-large\"><img loading=\"lazy\" decoding=\"async\" width=\"768\" height=\"1024\" src=\"http:\/\/www.sculpturejardin.com\/wp-content\/uploads\/2021\/03\/atelier-s-768x1024.jpg\" alt=\"travail du sculpteur\" class=\"wp-image-175\" srcset=\"http:\/\/www.sculpturejardin.com\/wp-content\/uploads\/2021\/03\/atelier-s-768x1024.jpg 768w, http:\/\/www.sculpturejardin.com\/wp-content\/uploads\/2021\/03\/atelier-s-225x300.jpg 225w, http:\/\/www.sculpturejardin.com\/wp-content\/uploads\/2021\/03\/atelier-s-508x677.jpg 508w, http:\/\/www.sculpturejardin.com\/wp-content\/uploads\/2021\/03\/atelier-s.jpg 1000w\" sizes=\"auto, (max-width: 768px) 100vw, 768px\" \/><figcaption>montage des sculptures monumentales<\/figcaption><\/figure>\n\n\n\n<figure class=\"wp-block-image size-large\"><img loading=\"lazy\" decoding=\"async\" width=\"768\" height=\"1024\" src=\"http:\/\/www.sculpturejardin.com\/wp-content\/uploads\/2021\/03\/atelier-l-768x1024.jpg\" alt=\"sculpture crten\" class=\"wp-image-174\" srcset=\"http:\/\/www.sculpturejardin.com\/wp-content\/uploads\/2021\/03\/atelier-l-768x1024.jpg 768w, http:\/\/www.sculpturejardin.com\/wp-content\/uploads\/2021\/03\/atelier-l-225x300.jpg 225w, http:\/\/www.sculpturejardin.com\/wp-content\/uploads\/2021\/03\/atelier-l-508x677.jpg 508w, http:\/\/www.sculpturejardin.com\/wp-content\/uploads\/2021\/03\/atelier-l.jpg 1000w\" sizes=\"auto, (max-width: 768px) 100vw, 768px\" \/><figcaption>sculpture en acier corten dans l&rsquo;atelier avant soclage<\/figcaption><\/figure>\n\n\n\n<figure class=\"wp-block-image size-large\"><img loading=\"lazy\" decoding=\"async\" width=\"768\" height=\"1024\" src=\"http:\/\/www.sculpturejardin.com\/wp-content\/uploads\/2021\/03\/atelier-m-768x1024.jpg\" alt=\"\" class=\"wp-image-182\" srcset=\"http:\/\/www.sculpturejardin.com\/wp-content\/uploads\/2021\/03\/atelier-m-768x1024.jpg 768w, http:\/\/www.sculpturejardin.com\/wp-content\/uploads\/2021\/03\/atelier-m-225x300.jpg 225w, http:\/\/www.sculpturejardin.com\/wp-content\/uploads\/2021\/03\/atelier-m-508x677.jpg 508w, http:\/\/www.sculpturejardin.com\/wp-content\/uploads\/2021\/03\/atelier-m.jpg 1000w\" sizes=\"auto, (max-width: 768px) 100vw, 768px\" \/><figcaption>travail du bronze \u00e0 l&rsquo;atelier<\/figcaption><\/figure>\n","protected":false},"excerpt":{"rendered":"<p>Je r\u00e9alise toutes mes cr\u00e9ations dans mon atelier, il m\u2019est important d\u2019\u00eatre l\u2019executant de toutes les \u00e9tapes&nbsp;&nbsp;qui aboutissent \u00e0 la cr\u00e9ation d\u2019une oeuvre.Je travaille seul , parcourant l\u2019acier Corten , l\u2019inox,&nbsp;&nbsp;le laiton , le bronze au gr\u00e9 de mes inspirations.Je ne r\u00e9alise que des pi\u00e8ces uniques , chaque sculpture est sign\u00e9e et num\u00e9rot\u00e9e.<\/p>\n","protected":false},"author":1,"featured_media":180,"parent":0,"menu_order":0,"comment_status":"closed","ping_status":"closed","template":"","meta":{"footnotes":""},"class_list":["post-160","page","type-page","status-publish","has-post-thumbnail","hentry"],"_links":{"self":[{"href":"http:\/\/www.sculpturejardin.com\/index.php\/wp-json\/wp\/v2\/pages\/160","targetHints":{"allow":["GET"]}}],"collection":[{"href":"http:\/\/www.sculpturejardin.com\/index.php\/wp-json\/wp\/v2\/pages"}],"about":[{"href":"http:\/\/www.sculpturejardin.com\/index.php\/wp-json\/wp\/v2\/types\/page"}],"author":[{"embeddable":true,"href":"http:\/\/www.sculpturejardin.com\/index.php\/wp-json\/wp\/v2\/users\/1"}],"replies":[{"embeddable":true,"href":"http:\/\/www.sculpturejardin.com\/index.php\/wp-json\/wp\/v2\/comments?post=160"}],"version-history":[{"count":4,"href":"http:\/\/www.sculpturejardin.com\/index.php\/wp-json\/wp\/v2\/pages\/160\/revisions"}],"predecessor-version":[{"id":183,"href":"http:\/\/www.sculpturejardin.com\/index.php\/wp-json\/wp\/v2\/pages\/160\/revisions\/183"}],"wp:featuredmedia":[{"embeddable":true,"href":"http:\/\/www.sculpturejardin.com\/index.php\/wp-json\/wp\/v2\/media\/180"}],"wp:attachment":[{"href":"http:\/\/www.sculpturejardin.com\/index.php\/wp-json\/wp\/v2\/media?parent=160"}],"curies":[{"name":"wp","href":"https:\/\/api.w.org\/{rel}","templated":true}]}}