{"id":47,"date":"2021-03-02T22:43:52","date_gmt":"2021-03-02T21:43:52","guid":{"rendered":"http:\/\/sculpto.cluster030.hosting.ovh.net\/?page_id=47"},"modified":"2021-03-05T08:51:43","modified_gmt":"2021-03-05T07:51:43","slug":"mpcem-sculpteur","status":"publish","type":"page","link":"http:\/\/www.sculpturejardin.com\/index.php\/mpcem-sculpteur\/","title":{"rendered":"\u00e0 propos&#8230;"},"content":{"rendered":"\n<p>C\u2018est dans une ferme du Tr\u00e9voux \u00e0 Langor, entre Quimperl\u00e9 et Pont-Aven que M.P.C.E.M. a choisi de travailler. L\u2019artiste qui, comme vous et moi a un pr\u00e9nom et un nom, a choisi ces 5 lettres pour signer ses oeuvres. 5 lettres qui signifient&nbsp;<strong>Mouvement Pour Corps Et Mental<\/strong>, qui sont \u00e0 elles seules un programme et expriment une pens\u00e9e, \u00e9prise de coh\u00e9rence.autant dire que la pratique de l\u2019art est ici appr\u00e9hend\u00e9e \u00e0 distance de sa dimension agr\u00e9able ou d\u00e9corative pour bien souligner l\u2019engagement total qu\u2019il requiert de la part de l\u2019artiste, un engagement vivant et joyeux.<br>Le peintre jean Bazaine a \u00e9crit que\u201d la peinture a besoin d\u2019 \u201chommes qui se noient\u201d, c\u2019est \u00e0 dire qui se donnent totalement \u00e0 leur art. Sculpteur sur m\u00e9tal, M.P.C.E.M. est de ces hommes, entier, sans demi-mesure. L\u2019art est pour lui une incarnation, sa raison d\u2019\u00eatre et de vivre, loin des modes, des mondanit\u00e9s et des coteries.<br>Ses outils ne sont pas des brosses ou des pinceaux inoffensifs, mais des pinces, des tenailles, des marteaux, des ciseaux. Et les bruits qui s\u2019enfuient de l\u2019atelier dans le jardin silencieux sont ceux des meules, des scies, et des chalumeaux.<\/p>\n\n\n\n<div class=\"wp-block-columns is-layout-flex wp-container-core-columns-is-layout-9d6595d7 wp-block-columns-is-layout-flex\">\n<div class=\"wp-block-column is-layout-flow wp-block-column-is-layout-flow\" style=\"flex-basis:100%\">\n<div class=\"wp-block-group\"><div class=\"wp-block-group__inner-container is-layout-flow wp-block-group-is-layout-flow\">\n<div class=\"wp-block-columns is-layout-flex wp-container-core-columns-is-layout-9d6595d7 wp-block-columns-is-layout-flex\">\n<div class=\"wp-block-column is-layout-flow wp-block-column-is-layout-flow\" style=\"flex-basis:100%\">\n<figure class=\"wp-block-image size-large\"><img loading=\"lazy\" decoding=\"async\" width=\"1024\" height=\"904\" src=\"http:\/\/www.sculpturejardin.com\/wp-content\/uploads\/2021\/03\/mpcem-portrait-b-1024x904.jpg\" alt=\"\" class=\"wp-image-178\" srcset=\"http:\/\/www.sculpturejardin.com\/wp-content\/uploads\/2021\/03\/mpcem-portrait-b-1024x904.jpg 1024w, http:\/\/www.sculpturejardin.com\/wp-content\/uploads\/2021\/03\/mpcem-portrait-b-300x265.jpg 300w, http:\/\/www.sculpturejardin.com\/wp-content\/uploads\/2021\/03\/mpcem-portrait-b-768x678.jpg 768w, http:\/\/www.sculpturejardin.com\/wp-content\/uploads\/2021\/03\/mpcem-portrait-b-1536x1356.jpg 1536w, http:\/\/www.sculpturejardin.com\/wp-content\/uploads\/2021\/03\/mpcem-portrait-b-1240x1095.jpg 1240w, http:\/\/www.sculpturejardin.com\/wp-content\/uploads\/2021\/03\/mpcem-portrait-b-508x449.jpg 508w, http:\/\/www.sculpturejardin.com\/wp-content\/uploads\/2021\/03\/mpcem-portrait-b.jpg 1572w\" sizes=\"auto, (max-width: 1024px) 100vw, 1024px\" \/><figcaption>MPCEM <\/figcaption><\/figure>\n<\/div>\n<\/div>\n<\/div><\/div>\n<\/div>\n<\/div>\n\n\n\n<p><strong>Une lutte passionn\u00e9e<\/strong> pour lui, l\u2019art n\u2019est pas de l\u2019ordre de la deconstruction sans issue, du mol abandon \u00e0 l\u2019inspiration, ou du modelage narcissique, mais d\u2019une lutte avec la mati\u00e8re, aussi rude et passionn\u00e9e que le combat biblique de Jacob contre l\u2019ange, dont se reconnaissent tant d\u2019artistes.<br>\u201cL\u2019acte de cr\u00e9ation, dit M.P.C.E.M. r\u00e9pond \u00e0 la fois \u00e0 une n\u00e9cessit\u00e9 int\u00e9rieure, une urgence \u00e0 cr\u00e9er, un besoin vital. Dans son corps \u00e0 corps avec la mati\u00e8re, l\u2019artiste ext\u00e9riorise des sensations et des id\u00e9es ou des interrogations que les mots ne suffisent toujours pas \u00e0 exprimer mais auxquelles il d\u00e9sire donner une mat\u00e9rialit\u00e9, tout en pr\u00e9servant une certaine spontan\u00e9it\u00e9.\u201d<br>On ne peut mieux exprimer la dimension spirituelle de toute exp\u00e9rience artistique. Une oeuvre d\u2019art est avant tout une oeuvre de l\u2019esprit. L\u2019artiste qui peint, \u00e9crit, sculpte, ou joue de la musique, ne fait pas que livrer sa technique, son savoir-faire, son habilet\u00e9, avec la mati\u00e8re, les mots, et les notes, mais donne chair au sensible qu\u2019il fait appara\u00eetre. Une chair nourrie de son histoire, de son inconscient, comme de ses passions.<\/p>\n\n\n\n<p><strong>Des pens\u00e9es non r\u00e9fl\u00e9chies<\/strong> en pr\u00e9cisant qu\u2019il veut sculpter \u201cdes pens\u00e9es non r\u00e9fl\u00e9chies\u201d M.P.C.E.M. l\u00e8ve le voile sur la gen\u00e8se d\u2019une oeuvre d\u2019art.<br>Quand commence une sculpture, et quand est-elle finie ? M.P.C.E.M. montre sur de petits carnets, les premiers dessins qui viennent \u00e0 son esprit. Un trait, puis un second, une courbe, un volume qui s\u2019esquisse et en appelle d\u2019autres.<br>Viendra le temps o\u00f9 M.P.C.E.M. oubliera ces premi\u00e8res esquisses. Il retrouvera comme \u00e0 son insu au contact du m\u00e9tal en \u00e9prouvant sa r\u00e9sistance sa souplesse, des formes qui s\u2019imposeront \u00e0 lui. Seules la sensibilit\u00e9 et l\u2019intelligence du sculpteur feront advenir l\u2019oeuvre, comme une victoire sur le n\u00e9ant.<br>\u201cMon art est fait de suggestions, d\u2019id\u00e9es et de myst\u00e8re\u201d, dit encore M.P.C.E.M. Des ingr\u00e9dients qui font de chaque oeuvre, une f\u00eate.<\/p>\n","protected":false},"excerpt":{"rendered":"<p>C\u2018est dans une ferme du Tr\u00e9voux \u00e0 Langor, entre Quimperl\u00e9 et Pont-Aven que M.P.C.E.M. a choisi de travailler. L\u2019artiste qui, comme vous et moi a un pr\u00e9nom et un nom, a choisi ces 5 lettres pour signer ses oeuvres. 5 lettres qui signifient&nbsp;Mouvement Pour Corps Et Mental, qui sont \u00e0 elles seules un programme et [&hellip;]<\/p>\n","protected":false},"author":1,"featured_media":0,"parent":0,"menu_order":0,"comment_status":"closed","ping_status":"closed","template":"","meta":{"footnotes":""},"class_list":["post-47","page","type-page","status-publish","hentry"],"_links":{"self":[{"href":"http:\/\/www.sculpturejardin.com\/index.php\/wp-json\/wp\/v2\/pages\/47","targetHints":{"allow":["GET"]}}],"collection":[{"href":"http:\/\/www.sculpturejardin.com\/index.php\/wp-json\/wp\/v2\/pages"}],"about":[{"href":"http:\/\/www.sculpturejardin.com\/index.php\/wp-json\/wp\/v2\/types\/page"}],"author":[{"embeddable":true,"href":"http:\/\/www.sculpturejardin.com\/index.php\/wp-json\/wp\/v2\/users\/1"}],"replies":[{"embeddable":true,"href":"http:\/\/www.sculpturejardin.com\/index.php\/wp-json\/wp\/v2\/comments?post=47"}],"version-history":[{"count":9,"href":"http:\/\/www.sculpturejardin.com\/index.php\/wp-json\/wp\/v2\/pages\/47\/revisions"}],"predecessor-version":[{"id":202,"href":"http:\/\/www.sculpturejardin.com\/index.php\/wp-json\/wp\/v2\/pages\/47\/revisions\/202"}],"wp:attachment":[{"href":"http:\/\/www.sculpturejardin.com\/index.php\/wp-json\/wp\/v2\/media?parent=47"}],"curies":[{"name":"wp","href":"https:\/\/api.w.org\/{rel}","templated":true}]}}